{"id":63,"date":"2022-07-04T12:17:27","date_gmt":"2022-07-04T10:17:27","guid":{"rendered":"https:\/\/filosofiadelderecho.umh.es\/?page_id=63"},"modified":"2022-07-04T14:11:09","modified_gmt":"2022-07-04T12:11:09","slug":"63-2","status":"publish","type":"page","link":"https:\/\/filosofiadelderecho.umh.es\/en\/investigacion\/valencia-proyectos-de-investigacion\/63-2\/","title":{"rendered":"<span lang=\"es\">(Espa\u00f1ol) La jurisprudencia constitucional en materia de derechos fundamentales: hacia la construcci\u00f3n de una teor\u00eda general de los derechos fundamentales<\/span>"},"content":{"rendered":"<p class=\"qtranxs-available-languages-message qtranxs-available-languages-message-en\">Sorry, this entry is only available in <a href=\"https:\/\/filosofiadelderecho.umh.es\/es\/wp-json\/wp\/v2\/pages\/63\" class=\"qtranxs-available-language-link qtranxs-available-language-link-es\" title=\"Espa\u00f1ol\">European Spanish<\/a>.<\/p>","protected":false},"excerpt":{"rendered":"<p>Sorry, this entry is only available in European Spanish.<\/p>\n","protected":false},"author":443,"featured_media":0,"parent":60,"menu_order":1,"comment_status":"closed","ping_status":"closed","template":"","meta":{"_links_to":"","_links_to_target":""},"_links":{"self":[{"href":"https:\/\/filosofiadelderecho.umh.es\/en\/wp-json\/wp\/v2\/pages\/63"}],"collection":[{"href":"https:\/\/filosofiadelderecho.umh.es\/en\/wp-json\/wp\/v2\/pages"}],"about":[{"href":"https:\/\/filosofiadelderecho.umh.es\/en\/wp-json\/wp\/v2\/types\/page"}],"author":[{"embeddable":true,"href":"https:\/\/filosofiadelderecho.umh.es\/en\/wp-json\/wp\/v2\/users\/443"}],"replies":[{"embeddable":true,"href":"https:\/\/filosofiadelderecho.umh.es\/en\/wp-json\/wp\/v2\/comments?post=63"}],"version-history":[{"count":0,"href":"https:\/\/filosofiadelderecho.umh.es\/en\/wp-json\/wp\/v2\/pages\/63\/revisions"}],"up":[{"embeddable":true,"href":"https:\/\/filosofiadelderecho.umh.es\/en\/wp-json\/wp\/v2\/pages\/60"}],"wp:attachment":[{"href":"https:\/\/filosofiadelderecho.umh.es\/en\/wp-json\/wp\/v2\/media?parent=63"}],"curies":[{"name":"wp","href":"https:\/\/api.w.org\/{rel}","templated":true}]}}