{"id":48,"date":"2022-07-04T10:55:05","date_gmt":"2022-07-04T08:55:05","guid":{"rendered":"https:\/\/filosofiadelderecho.umh.es\/?page_id=48"},"modified":"2024-10-16T18:34:07","modified_gmt":"2024-10-16T16:34:07","slug":"alfonso-ballesteros-soriano","status":"publish","type":"page","link":"https:\/\/filosofiadelderecho.umh.es\/en\/investigacion\/alfonso-ballesteros-soriano\/","title":{"rendered":"<span lang=\"es\">(Espa\u00f1ol) Prof. Dr. Alfonso Ballesteros Soriano<\/span>"},"content":{"rendered":"<p><\/p>\n<div class=\"gmail_default\"><b>T\u00edtulos acad\u00e9micos<br \/>\n<\/b><\/div>\n<div class=\"gmail_default\"><\/div>\n<div class=\"gmail_default\">\n<p><span lang=\"ES-TRAD\">\u2014\u00a0\u00a0\u00a0\u00a0\u00a0\u00a0\u00a0\u00a0\u00a0\u00a0\u00a0<\/span><span lang=\"ES-TRAD\">Doctorado Internacional en Derecho (03\/2016) con la tesis &#8220;La g\u00e9nesis del pensamiento jur\u00eddico de Hannah Arendt&#8221; (dir. Pedro Serna),\u00a0Universidade da Coru\u00f1a.<\/span><\/p>\n<p><span lang=\"ES-TRAD\">\u2014\u00a0\u00a0\u00a0\u00a0\u00a0\u00a0\u00a0\u00a0\u00a0\u00a0\u00a0<\/span><span lang=\"ES-TRAD\">M\u00e1ster en derechos humanos, paz y desarrollo sostenible (07\/2012),\u00a0<\/span>Universitat de Val\u00e8ncia.<\/p>\n<p><span lang=\"ES-TRAD\">\u2014\u00a0\u00a0\u00a0\u00a0\u00a0\u00a0\u00a0\u00a0\u00a0\u00a0\u00a0<\/span><span lang=\"ES-TRAD\">Licenciatura en Derecho (09\/2010),\u00a0<\/span>Universitat de Val\u00e8ncia.<\/p>\n<\/div>\n<div class=\"gmail_default\"><\/div>\n<div class=\"gmail_default\"><\/div>\n<div class=\"gmail_default\"><b>Otros m\u00e9ritos<\/b><\/div>\n<div class=\"gmail_default\">\n<p>\u2014\u00a0\u00a0\u00a0\u00a0\u00a0\u00a0\u00a0\u00a0\u00a0\u00a0\u00a0Miembro del Proyecto de investigaci\u00f3n \u201cLos nuevos derechos humanos: teor\u00eda jur\u00eddica y praxis pol\u00edtica\u201d. Pedro Serna y Jos\u00e9 Antonio Seoane (IP), c\u00f3digo PID2019-111115GB-I00, financiado por el Ministerio de Ciencia e Innovaci\u00f3n de Espa\u00f1a para el periodo 2020-2023.<\/p>\n<p><span lang=\"ES-TRAD\">\u2014\u00a0\u00a0\u00a0\u00a0\u00a0\u00a0\u00a0\u00a0\u00a0\u00a0\u00a0Acreditado como profesor contratado doctor, ANECA (07\/2018).<\/span><\/p>\n<p><span lang=\"ES-TRAD\">\u2014\u00a0\u00a0\u00a0\u00a0\u00a0\u00a0\u00a0\u00a0\u00a0\u00a0Sexenio de investigaci\u00f3n AVAP, tramo 2014-2019 (11\/2020).<\/span><\/p>\n<\/div>\n<div><\/div>\n<p><\/p>","protected":false},"excerpt":{"rendered":"<p>T\u00edtulos acad\u00e9micos<\/p>\n<p>\u2014\u00a0\u00a0\u00a0\u00a0\u00a0\u00a0\u00a0\u00a0\u00a0\u00a0\u00a0Doctorado Internacional en Derecho (03\/2016) con la tesis &#8220;La g\u00e9nesis del pensamiento jur\u00eddico de Hannah Arendt&#8221; (dir. Pedro Serna),\u00a0Universidade da Coru\u00f1a.<br \/>\n\u2014\u00a0\u00a0\u00a0\u00a0\u00a0\u00a0\u00a0\u00a0\u00a0\u00a0\u00a0M\u00e1ster en derechos humanos, paz y desarrollo sostenible (07\/2012),\u00a0Universitat de Val\u00e8ncia.<br \/>\n\u2014\u00a0\u00a0\u00a0\u00a0\u00a0\u00a0\u00a0\u00a0\u00a0\u00a0\u00a0Licenciatura en Derecho (09\/2010),\u00a0Universitat de Val\u00e8ncia.<\/p>\n<p>Otros m\u00e9ritos<\/p>\n<p>\u2014\u00a0\u00a0\u00a0\u00a0\u00a0\u00a0\u00a0\u00a0\u00a0\u00a0\u00a0Miembro del Proyecto de investigaci\u00f3n \u201cLos nuevos derechos humanos: teor\u00eda jur\u00eddica y praxis pol\u00edtica\u201d. Pedro Serna y Jos\u00e9 [&#8230;]<\/p>\n","protected":false},"author":443,"featured_media":0,"parent":12,"menu_order":3,"comment_status":"closed","ping_status":"closed","template":"","meta":{"_links_to":"","_links_to_target":""},"_links":{"self":[{"href":"https:\/\/filosofiadelderecho.umh.es\/en\/wp-json\/wp\/v2\/pages\/48"}],"collection":[{"href":"https:\/\/filosofiadelderecho.umh.es\/en\/wp-json\/wp\/v2\/pages"}],"about":[{"href":"https:\/\/filosofiadelderecho.umh.es\/en\/wp-json\/wp\/v2\/types\/page"}],"author":[{"embeddable":true,"href":"https:\/\/filosofiadelderecho.umh.es\/en\/wp-json\/wp\/v2\/users\/443"}],"replies":[{"embeddable":true,"href":"https:\/\/filosofiadelderecho.umh.es\/en\/wp-json\/wp\/v2\/comments?post=48"}],"version-history":[{"count":0,"href":"https:\/\/filosofiadelderecho.umh.es\/en\/wp-json\/wp\/v2\/pages\/48\/revisions"}],"up":[{"embeddable":true,"href":"https:\/\/filosofiadelderecho.umh.es\/en\/wp-json\/wp\/v2\/pages\/12"}],"wp:attachment":[{"href":"https:\/\/filosofiadelderecho.umh.es\/en\/wp-json\/wp\/v2\/media?parent=48"}],"curies":[{"name":"wp","href":"https:\/\/api.w.org\/{rel}","templated":true}]}}