{"id":42,"date":"2022-07-04T10:53:28","date_gmt":"2022-07-04T08:53:28","guid":{"rendered":"https:\/\/filosofiadelderecho.umh.es\/?page_id=42"},"modified":"2026-03-27T12:48:58","modified_gmt":"2026-03-27T11:48:58","slug":"prof-dr-tomas-de-domingo-perez","status":"publish","type":"page","link":"https:\/\/filosofiadelderecho.umh.es\/ca\/investigacion\/prof-dr-tomas-de-domingo-perez\/","title":{"rendered":"<span lang=\"es\">(Espa\u00f1ol) Prof. Dr. Tom\u00e1s de Domingo P\u00e9rez<\/span>"},"content":{"rendered":"<p class=\"qtranxs-available-languages-message qtranxs-available-languages-message-ca\">Ho sentim, aquesta entrada es troba disponible \u00fanicament en <a href=\"https:\/\/filosofiadelderecho.umh.es\/es\/wp-json\/wp\/v2\/pages\/42\" class=\"qtranxs-available-language-link qtranxs-available-language-link-es\" title=\"Espa\u00f1ol\">Espanyol Europeu<\/a>.<\/p>","protected":false},"excerpt":{"rendered":"<p>Ho sentim, aquesta entrada es troba disponible \u00fanicament en Espanyol Europeu.<\/p>\n","protected":false},"author":443,"featured_media":0,"parent":12,"menu_order":1,"comment_status":"closed","ping_status":"closed","template":"","meta":{"_links_to":"","_links_to_target":""},"_links":{"self":[{"href":"https:\/\/filosofiadelderecho.umh.es\/ca\/wp-json\/wp\/v2\/pages\/42"}],"collection":[{"href":"https:\/\/filosofiadelderecho.umh.es\/ca\/wp-json\/wp\/v2\/pages"}],"about":[{"href":"https:\/\/filosofiadelderecho.umh.es\/ca\/wp-json\/wp\/v2\/types\/page"}],"author":[{"embeddable":true,"href":"https:\/\/filosofiadelderecho.umh.es\/ca\/wp-json\/wp\/v2\/users\/443"}],"replies":[{"embeddable":true,"href":"https:\/\/filosofiadelderecho.umh.es\/ca\/wp-json\/wp\/v2\/comments?post=42"}],"version-history":[{"count":0,"href":"https:\/\/filosofiadelderecho.umh.es\/ca\/wp-json\/wp\/v2\/pages\/42\/revisions"}],"up":[{"embeddable":true,"href":"https:\/\/filosofiadelderecho.umh.es\/ca\/wp-json\/wp\/v2\/pages\/12"}],"wp:attachment":[{"href":"https:\/\/filosofiadelderecho.umh.es\/ca\/wp-json\/wp\/v2\/media?parent=42"}],"curies":[{"name":"wp","href":"https:\/\/api.w.org\/{rel}","templated":true}]}}