{"id":25,"date":"2013-05-09T06:29:29","date_gmt":"2013-05-09T06:29:29","guid":{"rendered":"http:\/\/filosofiadelderecho.umh.es\/?page_id=25"},"modified":"2022-07-04T12:08:25","modified_gmt":"2022-07-04T10:08:25","slug":"principialismo-y-teoria-de-la-argumentacion-en-la-toma-de-decisiones-biomedicas","status":"publish","type":"page","link":"https:\/\/filosofiadelderecho.umh.es\/ca\/investigacion\/valencia-proyectos-de-investigacion\/principialismo-y-teoria-de-la-argumentacion-en-la-toma-de-decisiones-biomedicas\/","title":{"rendered":"<span lang=\"es\">(Espa\u00f1ol) Principialismo y teor\u00eda de la argumentaci\u00f3n en la toma de decisiones biom\u00e9dicas<\/span>"},"content":{"rendered":"<p><\/p>\n<p><\/p>","protected":false},"excerpt":{"rendered":"","protected":false},"author":2794,"featured_media":0,"parent":60,"menu_order":6,"comment_status":"closed","ping_status":"open","template":"","meta":{"_links_to":"","_links_to_target":""},"_links":{"self":[{"href":"https:\/\/filosofiadelderecho.umh.es\/ca\/wp-json\/wp\/v2\/pages\/25"}],"collection":[{"href":"https:\/\/filosofiadelderecho.umh.es\/ca\/wp-json\/wp\/v2\/pages"}],"about":[{"href":"https:\/\/filosofiadelderecho.umh.es\/ca\/wp-json\/wp\/v2\/types\/page"}],"author":[{"embeddable":true,"href":"https:\/\/filosofiadelderecho.umh.es\/ca\/wp-json\/wp\/v2\/users\/2794"}],"replies":[{"embeddable":true,"href":"https:\/\/filosofiadelderecho.umh.es\/ca\/wp-json\/wp\/v2\/comments?post=25"}],"version-history":[{"count":0,"href":"https:\/\/filosofiadelderecho.umh.es\/ca\/wp-json\/wp\/v2\/pages\/25\/revisions"}],"up":[{"embeddable":true,"href":"https:\/\/filosofiadelderecho.umh.es\/ca\/wp-json\/wp\/v2\/pages\/60"}],"wp:attachment":[{"href":"https:\/\/filosofiadelderecho.umh.es\/ca\/wp-json\/wp\/v2\/media?parent=25"}],"curies":[{"name":"wp","href":"https:\/\/api.w.org\/{rel}","templated":true}]}}