{"id":21,"date":"2013-05-09T06:25:34","date_gmt":"2013-05-09T06:25:34","guid":{"rendered":"http:\/\/filosofiadelderecho.umh.es\/investigacion\/proyectos\/el-positivismo-juridico-incluyente-y-los-desafios-juridicos-del-neo-constitucionalismo\/"},"modified":"2022-07-04T12:07:50","modified_gmt":"2022-07-04T10:07:50","slug":"el-positivismo-juridico-incluyente-y-los-desafios-juridicos-del-neo-constitucionalismo","status":"publish","type":"page","link":"https:\/\/filosofiadelderecho.umh.es\/ca\/investigacion\/valencia-proyectos-de-investigacion\/el-positivismo-juridico-incluyente-y-los-desafios-juridicos-del-neo-constitucionalismo\/","title":{"rendered":"<span lang=\"es\">(Espa\u00f1ol) El positivismo jur\u00eddico incluyente y los desaf\u00edos jur\u00eddicos del neo-constitucionalismo.<\/span>"},"content":{"rendered":"<p><\/p>\n<p><\/p>","protected":false},"excerpt":{"rendered":"","protected":false},"author":2794,"featured_media":0,"parent":60,"menu_order":4,"comment_status":"closed","ping_status":"open","template":"","meta":{"_links_to":"","_links_to_target":""},"_links":{"self":[{"href":"https:\/\/filosofiadelderecho.umh.es\/ca\/wp-json\/wp\/v2\/pages\/21"}],"collection":[{"href":"https:\/\/filosofiadelderecho.umh.es\/ca\/wp-json\/wp\/v2\/pages"}],"about":[{"href":"https:\/\/filosofiadelderecho.umh.es\/ca\/wp-json\/wp\/v2\/types\/page"}],"author":[{"embeddable":true,"href":"https:\/\/filosofiadelderecho.umh.es\/ca\/wp-json\/wp\/v2\/users\/2794"}],"replies":[{"embeddable":true,"href":"https:\/\/filosofiadelderecho.umh.es\/ca\/wp-json\/wp\/v2\/comments?post=21"}],"version-history":[{"count":0,"href":"https:\/\/filosofiadelderecho.umh.es\/ca\/wp-json\/wp\/v2\/pages\/21\/revisions"}],"up":[{"embeddable":true,"href":"https:\/\/filosofiadelderecho.umh.es\/ca\/wp-json\/wp\/v2\/pages\/60"}],"wp:attachment":[{"href":"https:\/\/filosofiadelderecho.umh.es\/ca\/wp-json\/wp\/v2\/media?parent=21"}],"curies":[{"name":"wp","href":"https:\/\/api.w.org\/{rel}","templated":true}]}}